{"id":3026,"date":"2017-10-21T11:24:36","date_gmt":"2017-10-21T09:24:36","guid":{"rendered":"http:\/\/doctorjosesalvador.com\/?page_id=3026\/"},"modified":"2017-10-21T11:24:36","modified_gmt":"2017-10-21T09:24:36","slug":"cookies-policy","status":"publish","type":"page","link":"https:\/\/doctorjosesalvador.com\/en\/cookies-policy\/","title":{"rendered":"Cookies Policy"},"content":{"rendered":"[vc_row][vc_column width=&#8221;5\/6&#8243;][vc_column_text]\n<h1>Pol\u00edtica de Cookies<\/h1>\n<hr \/>\n<p>La reciente\u00a0<strong>modificaci\u00f3n normativa en materia de publicidad<\/strong> y gesti\u00f3n del consentimiento para la utilizaci\u00f3n de cookies, p\u00edxeles u otros elementos de almacenamiento de informaci\u00f3n conlleva la obligaci\u00f3n de los sitios web a adaptarse a la nueva normativa sobre cookies de la <a href=\"http:\/\/noticias.juridicas.com\/base_datos\/Admin\/l34-2002.html\" target=\"_blank\" rel=\"noopener noreferrer\">Ley 34\/2002, de servicios de la sociedad de la informaci\u00f3n y comercio electr\u00f3nico<\/a>.<\/p>\n<p>La descarga de este tipo de elementos, suponen la capacidad para recopilar informaci\u00f3n de la actividad del usuario y tiene implicaciones en relaci\u00f3n con su privacidad.<\/p>\n<p>Por ello, la nueva normativa impone la obligaci\u00f3n de obtener el consentimiento informado de los usuarios para aceptar la utilizaci\u00f3n de cookies en los sitios web.<\/p>\n<h2>\u00bfQu\u00e9 es una cookie?<\/h2>\n<p>Las\u00a0<em>cookies <\/em>son peque\u00f1o ficheros que se descarga en tu ordenador cuando navegas por sitios web. Un ejemplo sencillo ser\u00eda cuando entras en la p\u00e1gina de una cuenta de correo electr\u00f3nico web como Gmail, Outlook o Yahoo Mail.<\/p>\n<p>Las\u00a0<em>cookies <\/em>permiten a un sitio web reconocer el navegador de un usuario y\u00a0<strong>no contienen ni recopilan informaci\u00f3n<\/strong>. Se usan, por ejemplo, para mantener en usuario autenticado en una cuenta como las anteriores sin que sea necesario que se autentique cada vez que acceda a su cuenta. Otro ejemplo es la\u00a0publicidad donde basado en\u00a0anuncios que haya visitado el usuario previamente, se le intentan ofrecer anuncios m\u00e1s relevantes.<\/p>\n<p>En este sitio web utilizamos los siguientes tipos de cookies:<\/p>\n<ul>\n<li><strong>Cookies de primeras partes<\/strong>: son cookies estrictamente necesarias. Permiten la interactuaci\u00f3n del usuario por el sitio web utilizando todas sus funciones. (Duraci\u00f3n entre 23 d\u00edas y tres meses).<\/li>\n<li><strong>Cookies de rendimiento y an\u00e1lisis<\/strong>: son cookies utilizadas para el an\u00e1lisis y estad\u00edsticas que mejoran la experiencia del sitio web. Mediante el uso de estas cookies se puede mostrar informaci\u00f3n m\u00e1s relevante a los visitantes. (Duraci\u00f3n entre 100 d\u00edas y 1 a\u00f1o).<\/li>\n<li><strong>Cookies de afiliaci\u00f3n<\/strong>: como sitio web con enlaces de afiliaci\u00f3n, este tipo de cookies permite que la empresa de afiliaci\u00f3n detecte que un cliente suyo procede de este sitio.<\/li>\n<li><strong>Cookies de publicidad<\/strong>: son las cookies usadas por los elementos de publicidad de este sitio web\u00a0(Google\u00a0AdSense).<\/li>\n<\/ul>\n<p>As\u00ed mismo,\u00a0Google Analytics habilita en el\u00a0dominio del sitio web las cookies denominadas:<\/p>\n<ul>\n<li>\u201c__utma\u201d: es necesaria para el funcionamiento de Google Analytics y tiene un per\u00edodo de caducidad de 2 a\u00f1os.<\/li>\n<li>\u201c__utmz\u201d: es utilizada para realizar la ubicaci\u00f3n de la visita, es decir, desde d\u00f3nde y c\u00f3mo ha llegado el usuario a nuestra web y caduca a los 6 meses).<\/li>\n<\/ul>\n<p>El objetivo es recopilar estad\u00edsticas: el n\u00famero de visitas, el per\u00edodo de consultas, el buscador utilizado para acceder al sitio web, las palabras clave utilizadas, la ubicaci\u00f3n global del visitante, los contenidos visitados en el sitio web, as\u00ed como otros par\u00e1metros del tr\u00e1fico en el sitio web, siempre desde el\u00a0<strong>anonimato.<\/strong><\/p>\n<p>Google almacena esta informaci\u00f3n recogida por las\u00a0<em>cookies<\/em> de manera que no se identifica a ning\u00fan usuario. Tampoco se asocia su direcci\u00f3n de IP con cualquier otra informaci\u00f3n de la que disponga. Adem\u00e1s, Google Inc es una empresa que se encuentra adherida al Acuerdo de Puerto Seguro. Dicho acuerdo garantiza que los datos transferidos ser\u00e1n tratados conforme a los niveles de protecci\u00f3n de la normativa europea. Para obtener m\u00e1s informaci\u00f3n acerca de Google Analytics puede dirigirse\u00a0<a href=\"http:\/\/goo.gl\/KxpaZ\" target=\"_blank\" rel=\"noopener noreferrer\">al siguiente enlace<\/a>.<\/p>\n<p>A partir de la opci\u00f3n que tome acerca del uso de cookies en este sitio web, se le enviar\u00e1 unacookie adicional\u00a0para salvaguardar su elecci\u00f3n y que no tenga que aceptar el uso de cookies cada vez que acceda a nuestro sitio web.<\/p>\n<h2>\u00bfC\u00f3mo desactivar las cookies?<\/h2>\n<p>Todos los navegadores permiten hacer cambios que permiten desactivar la configuraci\u00f3n de las cookies. Estos ajustes se encuentran ubicados en las \u201copciones\u201d o \u201cpreferencias\u201d del men\u00fa de su navegador.<\/p>\n<p>No obstante, recuerde que inhabilitar cookies implica\u00a0<strong>perder funcionalidad<\/strong> en muchos sitios web.<\/p>\n<p>Si no desea ser rastreado por las cookies, Google ha desarrollado un complemento para instalar en su navegador al que puede acceder\u00a0<a href=\"http:\/\/goo.gl\/up4ND\" target=\"_blank\" rel=\"noopener noreferrer\">en el siguiente enlace<\/a>.[\/vc_column_text][\/vc_column][vc_column width=&#8221;1\/6&#8243;][\/vc_column][\/vc_row]\n","protected":false},"excerpt":{"rendered":"<p>[vc_row][vc_column width=&#8221;5\/6&#8243;][vc_column_text] Pol\u00edtica de Cookies La reciente\u00a0modificaci\u00f3n normativa en materia de publicidad y gesti\u00f3n del consentimiento para la utilizaci\u00f3n de cookies, p\u00edxeles u otros elementos de almacenamiento de informaci\u00f3n conlleva la obligaci\u00f3n de los sitios web a adaptarse a la nueva normativa sobre cookies de la Ley 34\/2002, de servicios de la sociedad de la [&hellip;]<\/p>\n","protected":false},"author":1,"featured_media":0,"parent":0,"menu_order":0,"comment_status":"closed","ping_status":"closed","template":"","meta":{"_monsterinsights_skip_tracking":false,"_monsterinsights_sitenote_active":false,"_monsterinsights_sitenote_note":"","_monsterinsights_sitenote_category":0,"_joinchat":[],"footnotes":""},"class_list":["post-3026","page","type-page","status-publish","hentry"],"yoast_head":"<!-- This site is optimized with the Yoast SEO plugin v26.9 - https:\/\/yoast.com\/product\/yoast-seo-wordpress\/ -->\n<title>Cookies Policy | Dr Jos\u00e9 Salvador<\/title>\n<meta name=\"robots\" content=\"index, follow, max-snippet:-1, max-image-preview:large, max-video-preview:-1\" \/>\n<link rel=\"canonical\" href=\"https:\/\/doctorjosesalvador.com\/en\/cookies-policy\/\" \/>\n<meta property=\"og:locale\" content=\"en_US\" \/>\n<meta property=\"og:type\" content=\"article\" \/>\n<meta property=\"og:title\" content=\"Cookies Policy | Dr Jos\u00e9 Salvador\" \/>\n<meta property=\"og:description\" content=\"[vc_row][vc_column width=&#8221;5\/6&#8243;][vc_column_text] Pol\u00edtica de Cookies La reciente\u00a0modificaci\u00f3n normativa en materia de publicidad y gesti\u00f3n del consentimiento para la utilizaci\u00f3n de cookies, p\u00edxeles u otros elementos de almacenamiento de informaci\u00f3n conlleva la obligaci\u00f3n de los sitios web a adaptarse a la nueva normativa sobre cookies de la Ley 34\/2002, de servicios de la sociedad de la [&hellip;]\" \/>\n<meta property=\"og:url\" content=\"https:\/\/doctorjosesalvador.com\/en\/cookies-policy\/\" \/>\n<meta property=\"og:site_name\" content=\"Dr Jos\u00e9 Salvador\" \/>\n<meta property=\"og:image\" content=\"https:\/\/doctorjosesalvador.com\/wp-content\/uploads\/2024\/07\/retrato-doctor-jose-salvador.jpg\" \/>\n\t<meta property=\"og:image:width\" content=\"431\" \/>\n\t<meta property=\"og:image:height\" content=\"282\" \/>\n\t<meta property=\"og:image:type\" content=\"image\/jpeg\" \/>\n<meta name=\"twitter:card\" content=\"summary_large_image\" \/>\n<meta name=\"twitter:label1\" content=\"Est. reading time\" \/>\n\t<meta name=\"twitter:data1\" content=\"4 minutes\" \/>\n<script type=\"application\/ld+json\" class=\"yoast-schema-graph\">{\"@context\":\"https:\/\/schema.org\",\"@graph\":[{\"@type\":\"WebPage\",\"@id\":\"https:\/\/doctorjosesalvador.com\/en\/cookies-policy\/\",\"url\":\"https:\/\/doctorjosesalvador.com\/en\/cookies-policy\/\",\"name\":\"Cookies Policy | Dr Jos\u00e9 Salvador\",\"isPartOf\":{\"@id\":\"https:\/\/doctorjosesalvador.com\/#website\"},\"datePublished\":\"2017-10-21T09:24:36+00:00\",\"breadcrumb\":{\"@id\":\"https:\/\/doctorjosesalvador.com\/en\/cookies-policy\/#breadcrumb\"},\"inLanguage\":\"en-US\",\"potentialAction\":[{\"@type\":\"ReadAction\",\"target\":[\"https:\/\/doctorjosesalvador.com\/en\/cookies-policy\/\"]}]},{\"@type\":\"BreadcrumbList\",\"@id\":\"https:\/\/doctorjosesalvador.com\/en\/cookies-policy\/#breadcrumb\",\"itemListElement\":[{\"@type\":\"ListItem\",\"position\":1,\"name\":\"Home\",\"item\":\"https:\/\/doctorjosesalvador.com\/en\/\"},{\"@type\":\"ListItem\",\"position\":2,\"name\":\"Cookies Policy\"}]},{\"@type\":\"WebSite\",\"@id\":\"https:\/\/doctorjosesalvador.com\/#website\",\"url\":\"https:\/\/doctorjosesalvador.com\/\",\"name\":\"Cirug\u00eda Pl\u00e1stica y Est\u00e9tica en Alicante y Torrevieja\",\"description\":\"Cirug\u00eda Est\u00e9tica y Pl\u00e1stica en Alicante y Denia\",\"publisher\":{\"@id\":\"https:\/\/doctorjosesalvador.com\/#\/schema\/person\/795e3483e941ebdd168b10a092eebc5f\"},\"alternateName\":\"Dr Jos\u00e9 Salvador Cirujano pl\u00e1stico\",\"potentialAction\":[{\"@type\":\"SearchAction\",\"target\":{\"@type\":\"EntryPoint\",\"urlTemplate\":\"https:\/\/doctorjosesalvador.com\/?s={search_term_string}\"},\"query-input\":{\"@type\":\"PropertyValueSpecification\",\"valueRequired\":true,\"valueName\":\"search_term_string\"}}],\"inLanguage\":\"en-US\"},{\"@type\":[\"Person\",\"Organization\"],\"@id\":\"https:\/\/doctorjosesalvador.com\/#\/schema\/person\/795e3483e941ebdd168b10a092eebc5f\",\"name\":\"Cl\u00ednica Dr Jos\u00e9 Salvador\",\"image\":{\"@type\":\"ImageObject\",\"inLanguage\":\"en-US\",\"@id\":\"https:\/\/doctorjosesalvador.com\/#\/schema\/person\/image\/\",\"url\":\"https:\/\/doctorjosesalvador.com\/wp-content\/uploads\/2016\/08\/josesalvador_retrato.jpg\",\"contentUrl\":\"https:\/\/doctorjosesalvador.com\/wp-content\/uploads\/2016\/08\/josesalvador_retrato.jpg\",\"width\":450,\"height\":600,\"caption\":\"Cl\u00ednica Dr Jos\u00e9 Salvador\"},\"logo\":{\"@id\":\"https:\/\/doctorjosesalvador.com\/#\/schema\/person\/image\/\"}}]}<\/script>\n<!-- \/ Yoast SEO plugin. -->","yoast_head_json":{"title":"Cookies Policy | Dr Jos\u00e9 Salvador","robots":{"index":"index","follow":"follow","max-snippet":"max-snippet:-1","max-image-preview":"max-image-preview:large","max-video-preview":"max-video-preview:-1"},"canonical":"https:\/\/doctorjosesalvador.com\/en\/cookies-policy\/","og_locale":"en_US","og_type":"article","og_title":"Cookies Policy | Dr Jos\u00e9 Salvador","og_description":"[vc_row][vc_column width=&#8221;5\/6&#8243;][vc_column_text] Pol\u00edtica de Cookies La reciente\u00a0modificaci\u00f3n normativa en materia de publicidad y gesti\u00f3n del consentimiento para la utilizaci\u00f3n de cookies, p\u00edxeles u otros elementos de almacenamiento de informaci\u00f3n conlleva la obligaci\u00f3n de los sitios web a adaptarse a la nueva normativa sobre cookies de la Ley 34\/2002, de servicios de la sociedad de la [&hellip;]","og_url":"https:\/\/doctorjosesalvador.com\/en\/cookies-policy\/","og_site_name":"Dr Jos\u00e9 Salvador","og_image":[{"width":431,"height":282,"url":"https:\/\/doctorjosesalvador.com\/wp-content\/uploads\/2024\/07\/retrato-doctor-jose-salvador.jpg","type":"image\/jpeg"}],"twitter_card":"summary_large_image","twitter_misc":{"Est. reading time":"4 minutes"},"schema":{"@context":"https:\/\/schema.org","@graph":[{"@type":"WebPage","@id":"https:\/\/doctorjosesalvador.com\/en\/cookies-policy\/","url":"https:\/\/doctorjosesalvador.com\/en\/cookies-policy\/","name":"Cookies Policy | Dr Jos\u00e9 Salvador","isPartOf":{"@id":"https:\/\/doctorjosesalvador.com\/#website"},"datePublished":"2017-10-21T09:24:36+00:00","breadcrumb":{"@id":"https:\/\/doctorjosesalvador.com\/en\/cookies-policy\/#breadcrumb"},"inLanguage":"en-US","potentialAction":[{"@type":"ReadAction","target":["https:\/\/doctorjosesalvador.com\/en\/cookies-policy\/"]}]},{"@type":"BreadcrumbList","@id":"https:\/\/doctorjosesalvador.com\/en\/cookies-policy\/#breadcrumb","itemListElement":[{"@type":"ListItem","position":1,"name":"Home","item":"https:\/\/doctorjosesalvador.com\/en\/"},{"@type":"ListItem","position":2,"name":"Cookies Policy"}]},{"@type":"WebSite","@id":"https:\/\/doctorjosesalvador.com\/#website","url":"https:\/\/doctorjosesalvador.com\/","name":"Cirug\u00eda Pl\u00e1stica y Est\u00e9tica en Alicante y Torrevieja","description":"Cirug\u00eda Est\u00e9tica y Pl\u00e1stica en Alicante y Denia","publisher":{"@id":"https:\/\/doctorjosesalvador.com\/#\/schema\/person\/795e3483e941ebdd168b10a092eebc5f"},"alternateName":"Dr Jos\u00e9 Salvador Cirujano pl\u00e1stico","potentialAction":[{"@type":"SearchAction","target":{"@type":"EntryPoint","urlTemplate":"https:\/\/doctorjosesalvador.com\/?s={search_term_string}"},"query-input":{"@type":"PropertyValueSpecification","valueRequired":true,"valueName":"search_term_string"}}],"inLanguage":"en-US"},{"@type":["Person","Organization"],"@id":"https:\/\/doctorjosesalvador.com\/#\/schema\/person\/795e3483e941ebdd168b10a092eebc5f","name":"Cl\u00ednica Dr Jos\u00e9 Salvador","image":{"@type":"ImageObject","inLanguage":"en-US","@id":"https:\/\/doctorjosesalvador.com\/#\/schema\/person\/image\/","url":"https:\/\/doctorjosesalvador.com\/wp-content\/uploads\/2016\/08\/josesalvador_retrato.jpg","contentUrl":"https:\/\/doctorjosesalvador.com\/wp-content\/uploads\/2016\/08\/josesalvador_retrato.jpg","width":450,"height":600,"caption":"Cl\u00ednica Dr Jos\u00e9 Salvador"},"logo":{"@id":"https:\/\/doctorjosesalvador.com\/#\/schema\/person\/image\/"}}]}},"_links":{"self":[{"href":"https:\/\/doctorjosesalvador.com\/en\/wp-json\/wp\/v2\/pages\/3026","targetHints":{"allow":["GET"]}}],"collection":[{"href":"https:\/\/doctorjosesalvador.com\/en\/wp-json\/wp\/v2\/pages"}],"about":[{"href":"https:\/\/doctorjosesalvador.com\/en\/wp-json\/wp\/v2\/types\/page"}],"author":[{"embeddable":true,"href":"https:\/\/doctorjosesalvador.com\/en\/wp-json\/wp\/v2\/users\/1"}],"replies":[{"embeddable":true,"href":"https:\/\/doctorjosesalvador.com\/en\/wp-json\/wp\/v2\/comments?post=3026"}],"version-history":[{"count":0,"href":"https:\/\/doctorjosesalvador.com\/en\/wp-json\/wp\/v2\/pages\/3026\/revisions"}],"wp:attachment":[{"href":"https:\/\/doctorjosesalvador.com\/en\/wp-json\/wp\/v2\/media?parent=3026"}],"curies":[{"name":"wp","href":"https:\/\/api.w.org\/{rel}","templated":true}]}}