{"id":2095,"date":"2017-05-13T09:39:28","date_gmt":"2017-05-13T09:39:28","guid":{"rendered":"http:\/\/s677741546.mialojamiento.es\/?page_id=2095\/"},"modified":"2025-10-15T15:47:38","modified_gmt":"2025-10-15T13:47:38","slug":"home","status":"publish","type":"page","link":"https:\/\/doctorjosesalvador.com\/en\/","title":{"rendered":"Home"},"content":{"rendered":"[vc_row fullwidth=&#8221;true&#8221;][vc_column][mk_layerslider id=&#8221;22&#8243;][mk_custom_box padding_vertical=&#8221;0&#8243; padding_horizental=&#8221;0&#8243; margin_bottom=&#8221;0&#8243; min_height=&#8221;0&#8243;][vc_row_inner disable_element=&#8221;yes&#8221; css=&#8221;.vc_custom_1630480790574{margin-bottom: 0px !important;background-color: #ffeffd !important;}&#8221;][vc_column_inner][mk_fancy_title tag_name=&#8221;h5&#8243; color=&#8221;#eb5ee4&#8243; size=&#8221;18&#8243; font_weight=&#8221;bold&#8221; txt_transform=&#8221;uppercase&#8221; letter_spacing=&#8221;1&#8243; margin_top=&#8221;20&#8243; margin_bottom=&#8221;0&#8243; font_family=&#8221;none&#8221; align=&#8221;center&#8221;]\n<p style=\"text-align: center;\">DURING THE MONTHS OF JULY AND AUGUST OUR OFFICES WILL BE OPEN IN THE MORNINGS.<br \/>\nYOU CAN <a href=\"https:\/\/doctorjosesalvador.com\/en\/contact\/\">ASK FOR AN APPOINTMENT HERE<\/a>.[\/mk_fancy_title][\/vc_column_inner][\/vc_row_inner][\/mk_custom_box][mk_custom_box padding_vertical=&#8221;0&#8243; padding_horizental=&#8221;0&#8243; margin_bottom=&#8221;0&#8243;][vc_row_inner css=&#8221;.vc_custom_1508578687552{background-color: #ba8e00 !important;}&#8221;][vc_column_inner][mk_fancy_title color=&#8221;#ffffff&#8221; size=&#8221;18&#8243; font_weight=&#8221;bold&#8221; txt_transform=&#8221;uppercase&#8221; letter_spacing=&#8221;1&#8243; margin_top=&#8221;40&#8243; font_family=&#8221;none&#8221; align=&#8221;center&#8221;]AESTHETIC &amp; PLASTIC SURGERY &#8211; AESTHETIC MEDICINE | ALICANTE &#8211; TORREVIEJA[\/mk_fancy_title][\/vc_column_inner][\/vc_row_inner][\/mk_custom_box][\/vc_column][\/vc_row][vc_row][vc_column width=&#8221;3\/12&#8243;][mk_fancy_title tag_name=&#8221;h6&#8243; color=&#8221;#989ea3&#8243; size=&#8221;10&#8243; font_weight=&#8221;bold&#8221; txt_transform=&#8221;uppercase&#8221; letter_spacing=&#8221;1&#8243; margin_top=&#8221;40&#8243; margin_bottom=&#8221;0&#8243; font_family=&#8221;none&#8221; align=&#8221;center&#8221;]natural[\/mk_fancy_title][mk_fancy_title tag_name=&#8221;h4&#8243; color=&#8221;#111111&#8243; size=&#8221;18&#8243; font_weight=&#8221;bold&#8221; txt_transform=&#8221;uppercase&#8221; letter_spacing=&#8221;1&#8243; margin_bottom=&#8221;0&#8243; font_family=&#8221;none&#8221; align=&#8221;center&#8221;]BEAUTY[\/mk_fancy_title][mk_padding_divider size=&#8221;20&#8243;][\/vc_column][vc_column width=&#8221;1\/12&#8243;][mk_divider style=&#8221;thin_solid&#8221; divider_width=&#8221;custom_width&#8221; custom_width=&#8221;70&#8243; thin_single_color=&#8221;#989ea3&#8243; margin_top=&#8221;60&#8243; margin_bottom=&#8221;0&#8243;][\/vc_column][vc_column width=&#8221;4\/12&#8243;][mk_fancy_title tag_name=&#8221;h6&#8243; color=&#8221;#989ea3&#8243; size=&#8221;10&#8243; font_weight=&#8221;bold&#8221; txt_transform=&#8221;uppercase&#8221; letter_spacing=&#8221;1&#8243; margin_top=&#8221;40&#8243; margin_bottom=&#8221;0&#8243; font_family=&#8221;none&#8221; align=&#8221;center&#8221;]DELICATE[\/mk_fancy_title][mk_fancy_title tag_name=&#8221;h4&#8243; color=&#8221;#111111&#8243; size=&#8221;18&#8243; font_weight=&#8221;bold&#8221; txt_transform=&#8221;uppercase&#8221; letter_spacing=&#8221;1&#8243; margin_bottom=&#8221;0&#8243; font_family=&#8221;none&#8221; align=&#8221;center&#8221;]CARE[\/mk_fancy_title][mk_padding_divider size=&#8221;20&#8243;][\/vc_column][vc_column width=&#8221;1\/12&#8243;][mk_divider style=&#8221;thin_solid&#8221; divider_width=&#8221;custom_width&#8221; custom_width=&#8221;70&#8243; thin_single_color=&#8221;#989ea3&#8243; margin_top=&#8221;60&#8243; margin_bottom=&#8221;0&#8243;][\/vc_column][vc_column width=&#8221;3\/12&#8243;][mk_fancy_title tag_name=&#8221;h6&#8243; color=&#8221;#989ea3&#8243; size=&#8221;10&#8243; font_weight=&#8221;bold&#8221; txt_transform=&#8221;uppercase&#8221; letter_spacing=&#8221;1&#8243; margin_top=&#8221;40&#8243; margin_bottom=&#8221;0&#8243; font_family=&#8221;none&#8221; align=&#8221;center&#8221;]MODERN[\/mk_fancy_title][mk_fancy_title tag_name=&#8221;h4&#8243; color=&#8221;#111111&#8243; size=&#8221;18&#8243; font_weight=&#8221;bold&#8221; txt_transform=&#8221;uppercase&#8221; letter_spacing=&#8221;1&#8243; margin_bottom=&#8221;0&#8243; font_family=&#8221;none&#8221; align=&#8221;center&#8221;]TECHNOLOGY[\/mk_fancy_title][mk_padding_divider size=&#8221;20&#8243;][\/vc_column][\/vc_row][vc_row fullwidth=&#8221;true&#8221;][vc_column][mk_divider style=&#8221;thin_solid&#8221; thin_single_color=&#8221;#e8e8e8&#8243; margin_top=&#8221;0&#8243; margin_bottom=&#8221;0&#8243;][\/vc_column][\/vc_row][vc_row fullwidth=&#8221;true&#8221; equal_columns=&#8221;true&#8221;][vc_column width=&#8221;1\/3&#8243; css=&#8221;.vc_custom_1500626994711{padding-left: 40px !important;}&#8221;][mk_custom_box padding_vertical=&#8221;10&#8243; min_height=&#8221;70&#8243;][mk_fancy_title tag_name=&#8221;h4&#8243; color=&#8221;#c6a32d&#8221; size=&#8221;36&#8243; force_font_size=&#8221;true&#8221; size_tablet=&#8221;25&#8243; size_phone=&#8221;25&#8243; font_weight=&#8221;300&#8243; txt_transform=&#8221;capitalize&#8221; margin_top=&#8221;40&#8243; margin_bottom=&#8221;0&#8243; font_family=&#8221;none&#8221; align=&#8221;center&#8221;]FEATURED THIS MONTH:[\/mk_fancy_title][\/mk_custom_box][\/vc_column][vc_column width=&#8221;1\/3&#8243;][mk_custom_box padding_vertical=&#8221;10&#8243; min_height=&#8221;&#8221;][mk_fancy_title tag_name=&#8221;h4&#8243; color=&#8221;#2b0000&#8243; size=&#8221;18&#8243; font_weight=&#8221;300&#8243; txt_transform=&#8221;capitalize&#8221; margin_top=&#8221;50&#8243; margin_bottom=&#8221;&#8221; font_family=&#8221;none&#8221; align=&#8221;center&#8221;]<strong><a href=\"https:\/\/doctorjosesalvador.com\/tag\/belkyra\/\">BELKYRA, LIPOSUCCI\u00d3N DE LA PAPADA SIN CIRUG\u00cdA &#8211; YA DISPONIBLE &gt;\u00a0<\/a><\/strong>[\/mk_fancy_title][\/mk_custom_box][\/vc_column][vc_column width=&#8221;1\/3&#8243;][mk_custom_box padding_vertical=&#8221;10&#8243; min_height=&#8221;70&#8243;][mk_fancy_title tag_name=&#8221;h4&#8243; color=&#8221;#2b0000&#8243; size=&#8221;18&#8243; font_weight=&#8221;300&#8243; txt_transform=&#8221;capitalize&#8221; margin_top=&#8221;50&#8243; margin_bottom=&#8221;&#8221; font_family=&#8221;none&#8221; align=&#8221;center&#8221;]<strong><a href=\"https:\/\/doctorjosesalvador.com\/el-dr-salvador-director-del-curso-internacional-de-reconstruccion-sobre-cadaver\/\">EL DR.SALVADOR, DIRECTOR DEL CURSO INTERNACIONAL DE RECONSTRUCCI\u00d3N MAMARIA &gt;<\/a><\/strong>[\/mk_fancy_title][\/mk_custom_box][\/vc_column][\/vc_row][vc_row fullwidth=&#8221;true&#8221; equal_columns=&#8221;true&#8221; attached=&#8221;true&#8221; css=&#8221;.vc_custom_1499326117244{background-color: #e8e8e8 !important;}&#8221;][vc_column width=&#8221;1\/3&#8243; css=&#8221;.vc_custom_1499015889573{padding-right: 60px !important;padding-left: 60px !important;}&#8221;][mk_padding_divider size=&#8221;30&#8243;][mk_fancy_title tag_name=&#8221;h4&#8243; color=&#8221;#111111&#8243; size=&#8221;36&#8243; force_font_size=&#8221;true&#8221; size_tablet=&#8221;25&#8243; size_phone=&#8221;25&#8243; font_weight=&#8221;300&#8243; txt_transform=&#8221;capitalize&#8221; font_family=&#8221;none&#8221; align=&#8221;center&#8221;]CONTACT US[\/mk_fancy_title][mk_contact_info phone=&#8221;628 893 320&#8243; email=&#8221;info@doctorjosesalvador.com&#8221; address=&#8221;Avda. de Loring, n\u00ba 4 Bajo &#8211; 03003 Alicante&#8221; company=&#8221;CL\u00cdNICA DR. JOS\u00c9 SALVADOR&#8221;][mk_padding_divider size=&#8221;30&#8243;][vc_column_text disable_pattern=&#8221;false&#8221; align=&#8221;center&#8221;]\n<p style=\"text-align: center;\">Contact Form<\/p>\n[\/vc_column_text][mk_button dimension=&#8221;savvy&#8221; corner_style=&#8221;rounded&#8221; size=&#8221;medium&#8221; icon=&#8221;mk-moon-quill-2&#8243; url=&#8221;\/en\/contact\/&#8221; align=&#8221;center&#8221; fullwidth=&#8221;true&#8221; outline_skin=&#8221;custom&#8221; outline_hover_bg_color=&#8221;#ba8e00&#8243; outline_hover_color=&#8221;#ffffff&#8221;]REQUEST AN APPOINTMENT[\/mk_button][mk_padding_divider][mk_fancy_title tag_name=&#8221;h4&#8243; color=&#8221;#232323&#8243; size=&#8221;20&#8243; font_weight=&#8221;bold&#8221; txt_transform=&#8221;uppercase&#8221; letter_spacing=&#8221;1&#8243; margin_bottom=&#8221;0&#8243; font_family=&#8221;none&#8221; align=&#8221;center&#8221;]OUR CENTRES[\/mk_fancy_title][vc_column_text disable_pattern=&#8221;false&#8221; css=&#8221;.vc_custom_1756757142778{margin-bottom: 0px !important;}&#8221;]ALICANTE<br \/>\n<a href=\"https:\/\/maps.app.goo.gl\/N8tDcuiaFPVGPm4k9\" target=\"_blank\" rel=\"noopener\">CL\u00cdNICA DR. JOS\u00c9 SALVADOR<\/a>[\/vc_column_text][vc_column_text disable_pattern=&#8221;false&#8221; css=&#8221;.vc_custom_1760536052684{margin-bottom: 0px !important;}&#8221;]TORREVIEJA<br \/>\n<a href=\"https:\/\/maps.app.goo.gl\/YcS4Qea6WbvMmyse8\" target=\"_blank\" rel=\"noopener noreferrer\">VISIONKER<\/a>[\/vc_column_text][\/vc_column][vc_column width=&#8221;1\/3&#8243; css=&#8221;.vc_custom_1493314844480{padding-right: 40px !important;padding-left: 40px !important;background-color: #e8e8e8 !important;}&#8221;][mk_padding_divider size=&#8221;30&#8243;][mk_fancy_title tag_name=&#8221;h4&#8243; color=&#8221;#111111&#8243; size=&#8221;36&#8243; force_font_size=&#8221;true&#8221; size_tablet=&#8221;25&#8243; size_phone=&#8221;25&#8243; font_weight=&#8221;300&#8243; txt_transform=&#8221;capitalize&#8221; font_family=&#8221;none&#8221; align=&#8221;center&#8221;]SPECIALISTS[\/mk_fancy_title][vc_column_text disable_pattern=&#8221;false&#8221; align=&#8221;center&#8221;]\n<p style=\"text-align: justify;\">We specialize in the most advanced treatments and techniques for Plastic,\u00a0Reconstructive and Aesthetic Surgery.<\/p>\n[\/vc_column_text][vc_column_text disable_pattern=&#8221;false&#8221; align=&#8221;center&#8221;]\n<p style=\"text-align: justify;\">Breast augmentation and reduction, reconstruction, secondary breast surgery, gynecomastia.<\/p>\n[\/vc_column_text][vc_column_text disable_pattern=&#8221;false&#8221; align=&#8221;center&#8221;]\n<p style=\"text-align: justify;\">Rhinoplasty, otoplasty, blepharoplasty, facelift.<\/p>\n[\/vc_column_text][vc_column_text disable_pattern=&#8221;false&#8221; align=&#8221;center&#8221;]\n<p style=\"text-align: justify;\">Liposuction, arms and thigh lifting, abdominoplasty, enhancement of glutes and calves.<\/p>\n[\/vc_column_text][vc_separator color=&#8221;custom&#8221; accent_color=&#8221;#bc742b&#8221;][vc_column_text disable_pattern=&#8221;false&#8221; align=&#8221;center&#8221;]\n<p style=\"text-align: right;\"><em>Come visit us, without obligation and with total confidence.<\/em><\/p>\n[\/vc_column_text][vc_column_text disable_pattern=&#8221;false&#8221; align=&#8221;right&#8221;]<em>Dr. Jos\u00e9 Salvador<\/em><\/p>\n<p><em>Plastic &amp; Aesthetic Surgeon<\/em>[\/vc_column_text][\/vc_column][vc_column width=&#8221;1\/3&#8243;][mk_image src=&#8221;https:\/\/doctorjosesalvador.com\/wp-content\/uploads\/2016\/08\/josesalvador-800.jpg&#8221; image_size=&#8221;full&#8221; margin_bottom=&#8221;-1&#8243;][\/vc_column][\/vc_row]\n","protected":false},"excerpt":{"rendered":"<p>[vc_row fullwidth=&#8221;true&#8221;][vc_column][mk_layerslider id=&#8221;22&#8243;][mk_custom_box padding_vertical=&#8221;0&#8243; padding_horizental=&#8221;0&#8243; margin_bottom=&#8221;0&#8243; min_height=&#8221;0&#8243;][vc_row_inner disable_element=&#8221;yes&#8221; css=&#8221;.vc_custom_1630480790574{margin-bottom: 0px !important;background-color: #ffeffd !important;}&#8221;][vc_column_inner][mk_fancy_title tag_name=&#8221;h5&#8243; color=&#8221;#eb5ee4&#8243; size=&#8221;18&#8243; font_weight=&#8221;bold&#8221; txt_transform=&#8221;uppercase&#8221; letter_spacing=&#8221;1&#8243; margin_top=&#8221;20&#8243; margin_bottom=&#8221;0&#8243; font_family=&#8221;none&#8221; align=&#8221;center&#8221;] DURING THE MONTHS OF JULY AND AUGUST OUR OFFICES WILL BE OPEN IN THE MORNINGS. YOU CAN ASK FOR AN APPOINTMENT HERE.[\/mk_fancy_title][\/vc_column_inner][\/vc_row_inner][\/mk_custom_box][mk_custom_box padding_vertical=&#8221;0&#8243; padding_horizental=&#8221;0&#8243; margin_bottom=&#8221;0&#8243;][vc_row_inner css=&#8221;.vc_custom_1508578687552{background-color: #ba8e00 !important;}&#8221;][vc_column_inner][mk_fancy_title color=&#8221;#ffffff&#8221; size=&#8221;18&#8243; font_weight=&#8221;bold&#8221; txt_transform=&#8221;uppercase&#8221; [&hellip;]<\/p>\n","protected":false},"author":1,"featured_media":0,"parent":0,"menu_order":0,"comment_status":"closed","ping_status":"closed","template":"","meta":{"_monsterinsights_skip_tracking":false,"_monsterinsights_sitenote_active":false,"_monsterinsights_sitenote_note":"","_monsterinsights_sitenote_category":0,"_joinchat":[],"footnotes":""},"class_list":["post-2095","page","type-page","status-publish","hentry"],"yoast_head":"<!-- This site is optimized with the Yoast SEO plugin v26.9 - https:\/\/yoast.com\/product\/yoast-seo-wordpress\/ -->\n<title>Plastic Surgery in Alicante y Denia | Dr Jos\u00e9 Salvador<\/title>\n<meta name=\"description\" content=\"Dr Jos\u00e9 Salvador is a specialist surgeon for Plastic &amp; Aesthetic surgery in his Biyo practice in Alicante and Denia. Ask for an appointment now.\" \/>\n<meta name=\"robots\" content=\"index, follow, max-snippet:-1, max-image-preview:large, max-video-preview:-1\" \/>\n<link rel=\"canonical\" href=\"https:\/\/doctorjosesalvador.com\/en\/\" \/>\n<meta property=\"og:locale\" content=\"en_US\" \/>\n<meta property=\"og:type\" content=\"article\" \/>\n<meta property=\"og:title\" content=\"Plastic Surgery in Alicante y Denia | Dr Jos\u00e9 Salvador\" \/>\n<meta property=\"og:description\" content=\"Dr Jos\u00e9 Salvador is a specialist surgeon for Plastic &amp; Aesthetic surgery in his Biyo practice in Alicante and Denia. Ask for an appointment now.\" \/>\n<meta property=\"og:url\" content=\"https:\/\/doctorjosesalvador.com\/en\/\" \/>\n<meta property=\"og:site_name\" content=\"Dr Jos\u00e9 Salvador\" \/>\n<meta property=\"article:modified_time\" content=\"2025-10-15T13:47:38+00:00\" \/>\n<meta property=\"og:image\" content=\"https:\/\/doctorjosesalvador.com\/wp-content\/uploads\/2024\/07\/retrato-doctor-jose-salvador.jpg\" \/>\n\t<meta property=\"og:image:width\" content=\"431\" \/>\n\t<meta property=\"og:image:height\" content=\"282\" \/>\n\t<meta property=\"og:image:type\" content=\"image\/jpeg\" \/>\n<meta name=\"twitter:card\" content=\"summary_large_image\" \/>\n<meta name=\"twitter:label1\" content=\"Est. reading time\" \/>\n\t<meta name=\"twitter:data1\" content=\"2 minutes\" \/>\n<script type=\"application\/ld+json\" class=\"yoast-schema-graph\">{\"@context\":\"https:\/\/schema.org\",\"@graph\":[{\"@type\":\"WebPage\",\"@id\":\"https:\/\/doctorjosesalvador.com\/en\/\",\"url\":\"https:\/\/doctorjosesalvador.com\/en\/\",\"name\":\"Plastic Surgery in Alicante y Denia | Dr Jos\u00e9 Salvador\",\"isPartOf\":{\"@id\":\"https:\/\/doctorjosesalvador.com\/#website\"},\"datePublished\":\"2017-05-13T09:39:28+00:00\",\"dateModified\":\"2025-10-15T13:47:38+00:00\",\"description\":\"Dr Jos\u00e9 Salvador is a specialist surgeon for Plastic & Aesthetic surgery in his Biyo practice in Alicante and Denia. Ask for an appointment now.\",\"breadcrumb\":{\"@id\":\"https:\/\/doctorjosesalvador.com\/en\/#breadcrumb\"},\"inLanguage\":\"en-US\",\"potentialAction\":[{\"@type\":\"ReadAction\",\"target\":[\"https:\/\/doctorjosesalvador.com\/en\/\"]}]},{\"@type\":\"BreadcrumbList\",\"@id\":\"https:\/\/doctorjosesalvador.com\/en\/#breadcrumb\",\"itemListElement\":[{\"@type\":\"ListItem\",\"position\":1,\"name\":\"Home\",\"item\":\"https:\/\/doctorjosesalvador.com\/en\/\"},{\"@type\":\"ListItem\",\"position\":2,\"name\":\"Home\"}]},{\"@type\":\"WebSite\",\"@id\":\"https:\/\/doctorjosesalvador.com\/#website\",\"url\":\"https:\/\/doctorjosesalvador.com\/\",\"name\":\"Cirug\u00eda Pl\u00e1stica y Est\u00e9tica en Alicante y Torrevieja\",\"description\":\"Cirug\u00eda Est\u00e9tica y Pl\u00e1stica en Alicante y Denia\",\"publisher\":{\"@id\":\"https:\/\/doctorjosesalvador.com\/#\/schema\/person\/795e3483e941ebdd168b10a092eebc5f\"},\"alternateName\":\"Dr Jos\u00e9 Salvador Cirujano pl\u00e1stico\",\"potentialAction\":[{\"@type\":\"SearchAction\",\"target\":{\"@type\":\"EntryPoint\",\"urlTemplate\":\"https:\/\/doctorjosesalvador.com\/?s={search_term_string}\"},\"query-input\":{\"@type\":\"PropertyValueSpecification\",\"valueRequired\":true,\"valueName\":\"search_term_string\"}}],\"inLanguage\":\"en-US\"},{\"@type\":[\"Person\",\"Organization\"],\"@id\":\"https:\/\/doctorjosesalvador.com\/#\/schema\/person\/795e3483e941ebdd168b10a092eebc5f\",\"name\":\"Cl\u00ednica Dr Jos\u00e9 Salvador\",\"image\":{\"@type\":\"ImageObject\",\"inLanguage\":\"en-US\",\"@id\":\"https:\/\/doctorjosesalvador.com\/#\/schema\/person\/image\/\",\"url\":\"https:\/\/doctorjosesalvador.com\/wp-content\/uploads\/2016\/08\/josesalvador_retrato.jpg\",\"contentUrl\":\"https:\/\/doctorjosesalvador.com\/wp-content\/uploads\/2016\/08\/josesalvador_retrato.jpg\",\"width\":450,\"height\":600,\"caption\":\"Cl\u00ednica Dr Jos\u00e9 Salvador\"},\"logo\":{\"@id\":\"https:\/\/doctorjosesalvador.com\/#\/schema\/person\/image\/\"}}]}<\/script>\n<!-- \/ Yoast SEO plugin. -->","yoast_head_json":{"title":"Plastic Surgery in Alicante y Denia | Dr Jos\u00e9 Salvador","description":"Dr Jos\u00e9 Salvador is a specialist surgeon for Plastic & Aesthetic surgery in his Biyo practice in Alicante and Denia. Ask for an appointment now.","robots":{"index":"index","follow":"follow","max-snippet":"max-snippet:-1","max-image-preview":"max-image-preview:large","max-video-preview":"max-video-preview:-1"},"canonical":"https:\/\/doctorjosesalvador.com\/en\/","og_locale":"en_US","og_type":"article","og_title":"Plastic Surgery in Alicante y Denia | Dr Jos\u00e9 Salvador","og_description":"Dr Jos\u00e9 Salvador is a specialist surgeon for Plastic & Aesthetic surgery in his Biyo practice in Alicante and Denia. Ask for an appointment now.","og_url":"https:\/\/doctorjosesalvador.com\/en\/","og_site_name":"Dr Jos\u00e9 Salvador","article_modified_time":"2025-10-15T13:47:38+00:00","og_image":[{"width":431,"height":282,"url":"https:\/\/doctorjosesalvador.com\/wp-content\/uploads\/2024\/07\/retrato-doctor-jose-salvador.jpg","type":"image\/jpeg"}],"twitter_card":"summary_large_image","twitter_misc":{"Est. reading time":"2 minutes"},"schema":{"@context":"https:\/\/schema.org","@graph":[{"@type":"WebPage","@id":"https:\/\/doctorjosesalvador.com\/en\/","url":"https:\/\/doctorjosesalvador.com\/en\/","name":"Plastic Surgery in Alicante y Denia | Dr Jos\u00e9 Salvador","isPartOf":{"@id":"https:\/\/doctorjosesalvador.com\/#website"},"datePublished":"2017-05-13T09:39:28+00:00","dateModified":"2025-10-15T13:47:38+00:00","description":"Dr Jos\u00e9 Salvador is a specialist surgeon for Plastic & Aesthetic surgery in his Biyo practice in Alicante and Denia. Ask for an appointment now.","breadcrumb":{"@id":"https:\/\/doctorjosesalvador.com\/en\/#breadcrumb"},"inLanguage":"en-US","potentialAction":[{"@type":"ReadAction","target":["https:\/\/doctorjosesalvador.com\/en\/"]}]},{"@type":"BreadcrumbList","@id":"https:\/\/doctorjosesalvador.com\/en\/#breadcrumb","itemListElement":[{"@type":"ListItem","position":1,"name":"Home","item":"https:\/\/doctorjosesalvador.com\/en\/"},{"@type":"ListItem","position":2,"name":"Home"}]},{"@type":"WebSite","@id":"https:\/\/doctorjosesalvador.com\/#website","url":"https:\/\/doctorjosesalvador.com\/","name":"Cirug\u00eda Pl\u00e1stica y Est\u00e9tica en Alicante y Torrevieja","description":"Cirug\u00eda Est\u00e9tica y Pl\u00e1stica en Alicante y Denia","publisher":{"@id":"https:\/\/doctorjosesalvador.com\/#\/schema\/person\/795e3483e941ebdd168b10a092eebc5f"},"alternateName":"Dr Jos\u00e9 Salvador Cirujano pl\u00e1stico","potentialAction":[{"@type":"SearchAction","target":{"@type":"EntryPoint","urlTemplate":"https:\/\/doctorjosesalvador.com\/?s={search_term_string}"},"query-input":{"@type":"PropertyValueSpecification","valueRequired":true,"valueName":"search_term_string"}}],"inLanguage":"en-US"},{"@type":["Person","Organization"],"@id":"https:\/\/doctorjosesalvador.com\/#\/schema\/person\/795e3483e941ebdd168b10a092eebc5f","name":"Cl\u00ednica Dr Jos\u00e9 Salvador","image":{"@type":"ImageObject","inLanguage":"en-US","@id":"https:\/\/doctorjosesalvador.com\/#\/schema\/person\/image\/","url":"https:\/\/doctorjosesalvador.com\/wp-content\/uploads\/2016\/08\/josesalvador_retrato.jpg","contentUrl":"https:\/\/doctorjosesalvador.com\/wp-content\/uploads\/2016\/08\/josesalvador_retrato.jpg","width":450,"height":600,"caption":"Cl\u00ednica Dr Jos\u00e9 Salvador"},"logo":{"@id":"https:\/\/doctorjosesalvador.com\/#\/schema\/person\/image\/"}}]}},"_links":{"self":[{"href":"https:\/\/doctorjosesalvador.com\/en\/wp-json\/wp\/v2\/pages\/2095","targetHints":{"allow":["GET"]}}],"collection":[{"href":"https:\/\/doctorjosesalvador.com\/en\/wp-json\/wp\/v2\/pages"}],"about":[{"href":"https:\/\/doctorjosesalvador.com\/en\/wp-json\/wp\/v2\/types\/page"}],"author":[{"embeddable":true,"href":"https:\/\/doctorjosesalvador.com\/en\/wp-json\/wp\/v2\/users\/1"}],"replies":[{"embeddable":true,"href":"https:\/\/doctorjosesalvador.com\/en\/wp-json\/wp\/v2\/comments?post=2095"}],"version-history":[{"count":20,"href":"https:\/\/doctorjosesalvador.com\/en\/wp-json\/wp\/v2\/pages\/2095\/revisions"}],"predecessor-version":[{"id":7384,"href":"https:\/\/doctorjosesalvador.com\/en\/wp-json\/wp\/v2\/pages\/2095\/revisions\/7384"}],"wp:attachment":[{"href":"https:\/\/doctorjosesalvador.com\/en\/wp-json\/wp\/v2\/media?parent=2095"}],"curies":[{"name":"wp","href":"https:\/\/api.w.org\/{rel}","templated":true}]}}